{"id":642,"date":"2018-04-18T10:53:36","date_gmt":"2018-04-18T10:53:36","guid":{"rendered":"http:\/\/www.hydreau.net\/gestion-des-nappes-%e2%80%a8souterraines\/"},"modified":"2023-03-24T10:54:10","modified_gmt":"2023-03-24T10:54:10","slug":"gestion-des-nappes-souterraines","status":"publish","type":"page","link":"https:\/\/www.hydreau.net\/en\/services\/gestion-des-nappes-souterraines\/","title":{"rendered":"Groundwater management"},"content":{"rendered":"","protected":false},"excerpt":{"rendered":"<p> [&#8230;]<\/p>\n<p><a class=\"btn btn-secondary understrap-read-more-link\" href=\"https:\/\/www.hydreau.net\/en\/services\/gestion-des-nappes-souterraines\/\">Read More&#8230;<span class=\"screen-reader-text\"> from Groundwater management<\/span><\/a><\/p>\n","protected":false},"author":2,"featured_media":0,"parent":681,"menu_order":30,"comment_status":"closed","ping_status":"closed","template":"gestion_nappes_sout.php","meta":{"_exactmetrics_skip_tracking":false,"_exactmetrics_sitenote_active":false,"_exactmetrics_sitenote_note":"","_exactmetrics_sitenote_category":0,"footnotes":""},"class_list":["post-642","page","type-page","status-publish","hentry"],"yoast_head":"<!-- This site is optimized with the Yoast SEO plugin v27.4 - https:\/\/yoast.com\/product\/yoast-seo-wordpress\/ -->\r\n<title>Gestion des nappes souterraines - D\u00e9couvrez notre expertise - Hydreau<\/title>\r\n<meta name=\"description\" content=\"Gestion des nappes souterraines - Gestion centralis\u00e9e pollution de sol, gestion des nappes et stabilit\u00e9 : diminution des co\u00fbts et optimisation des projets.\" \/>\r\n<meta name=\"robots\" content=\"index, follow, max-snippet:-1, max-image-preview:large, max-video-preview:-1\" \/>\r\n<link rel=\"canonical\" href=\"https:\/\/www.hydreau.net\/en\/services\/gestion-des-nappes-souterraines\/\" \/>\r\n<meta property=\"og:locale\" content=\"en_US\" \/>\r\n<meta property=\"og:type\" content=\"article\" \/>\r\n<meta property=\"og:title\" content=\"Gestion des nappes souterraines - D\u00e9couvrez notre expertise - Hydreau\" \/>\r\n<meta property=\"og:description\" content=\"Gestion des nappes souterraines - Gestion centralis\u00e9e pollution de sol, gestion des nappes et stabilit\u00e9 : diminution des co\u00fbts et optimisation des projets.\" \/>\r\n<meta property=\"og:url\" content=\"https:\/\/www.hydreau.net\/en\/services\/gestion-des-nappes-souterraines\/\" \/>\r\n<meta property=\"og:site_name\" content=\"Hydreau\" \/>\r\n<meta property=\"article:modified_time\" content=\"2023-03-24T10:54:10+00:00\" \/>\r\n<meta name=\"twitter:card\" content=\"summary_large_image\" \/>\r\n<script type=\"application\/ld+json\" class=\"yoast-schema-graph\">{\"@context\":\"https:\\\/\\\/schema.org\",\"@graph\":[{\"@type\":\"WebPage\",\"@id\":\"https:\\\/\\\/www.hydreau.net\\\/en\\\/services\\\/gestion-des-nappes-souterraines\\\/\",\"url\":\"https:\\\/\\\/www.hydreau.net\\\/en\\\/services\\\/gestion-des-nappes-souterraines\\\/\",\"name\":\"Gestion des nappes souterraines - D\u00e9couvrez notre expertise - Hydreau\",\"isPartOf\":{\"@id\":\"https:\\\/\\\/www.hydreau.net\\\/#website\"},\"datePublished\":\"2018-04-18T10:53:36+00:00\",\"dateModified\":\"2023-03-24T10:54:10+00:00\",\"description\":\"Gestion des nappes souterraines - Gestion centralis\u00e9e pollution de sol, gestion des nappes et stabilit\u00e9 : diminution des co\u00fbts et optimisation des projets.\",\"breadcrumb\":{\"@id\":\"https:\\\/\\\/www.hydreau.net\\\/en\\\/services\\\/gestion-des-nappes-souterraines\\\/#breadcrumb\"},\"inLanguage\":\"en-US\",\"potentialAction\":[{\"@type\":\"ReadAction\",\"target\":[\"https:\\\/\\\/www.hydreau.net\\\/en\\\/services\\\/gestion-des-nappes-souterraines\\\/\"]}]},{\"@type\":\"BreadcrumbList\",\"@id\":\"https:\\\/\\\/www.hydreau.net\\\/en\\\/services\\\/gestion-des-nappes-souterraines\\\/#breadcrumb\",\"itemListElement\":[{\"@type\":\"ListItem\",\"position\":1,\"name\":\"Home\",\"item\":\"https:\\\/\\\/www.hydreau.net\\\/en\\\/\"},{\"@type\":\"ListItem\",\"position\":2,\"name\":\"Services\",\"item\":\"https:\\\/\\\/www.hydreau.net\\\/en\\\/services\\\/\"},{\"@type\":\"ListItem\",\"position\":3,\"name\":\"Groundwater management\"}]},{\"@type\":\"WebSite\",\"@id\":\"https:\\\/\\\/www.hydreau.net\\\/#website\",\"url\":\"https:\\\/\\\/www.hydreau.net\\\/\",\"name\":\"Hydreau\",\"description\":\"Votre partenaire unique  en d\u00e9pollution des sols  et en hydrog\u00e9ologie\",\"publisher\":{\"@id\":\"https:\\\/\\\/www.hydreau.net\\\/#organization\"},\"potentialAction\":[{\"@type\":\"SearchAction\",\"target\":{\"@type\":\"EntryPoint\",\"urlTemplate\":\"https:\\\/\\\/www.hydreau.net\\\/?s={search_term_string}\"},\"query-input\":{\"@type\":\"PropertyValueSpecification\",\"valueRequired\":true,\"valueName\":\"search_term_string\"}}],\"inLanguage\":\"en-US\"},{\"@type\":\"Organization\",\"@id\":\"https:\\\/\\\/www.hydreau.net\\\/#organization\",\"name\":\"Hydreau\",\"url\":\"https:\\\/\\\/www.hydreau.net\\\/\",\"logo\":{\"@type\":\"ImageObject\",\"inLanguage\":\"en-US\",\"@id\":\"https:\\\/\\\/www.hydreau.net\\\/#\\\/schema\\\/logo\\\/image\\\/\",\"url\":\"https:\\\/\\\/www.hydreau.net\\\/wp-content\\\/uploads\\\/2018\\\/04\\\/hydreau-fav.png\",\"contentUrl\":\"https:\\\/\\\/www.hydreau.net\\\/wp-content\\\/uploads\\\/2018\\\/04\\\/hydreau-fav.png\",\"width\":512,\"height\":512,\"caption\":\"Hydreau\"},\"image\":{\"@id\":\"https:\\\/\\\/www.hydreau.net\\\/#\\\/schema\\\/logo\\\/image\\\/\"}}]}<\/script>\r\n<!-- \/ Yoast SEO plugin. -->","yoast_head_json":{"title":"Gestion des nappes souterraines - D\u00e9couvrez notre expertise - Hydreau","description":"Gestion des nappes souterraines - Gestion centralis\u00e9e pollution de sol, gestion des nappes et stabilit\u00e9 : diminution des co\u00fbts et optimisation des projets.","robots":{"index":"index","follow":"follow","max-snippet":"max-snippet:-1","max-image-preview":"max-image-preview:large","max-video-preview":"max-video-preview:-1"},"canonical":"https:\/\/www.hydreau.net\/en\/services\/gestion-des-nappes-souterraines\/","og_locale":"en_US","og_type":"article","og_title":"Gestion des nappes souterraines - D\u00e9couvrez notre expertise - Hydreau","og_description":"Gestion des nappes souterraines - Gestion centralis\u00e9e pollution de sol, gestion des nappes et stabilit\u00e9 : diminution des co\u00fbts et optimisation des projets.","og_url":"https:\/\/www.hydreau.net\/en\/services\/gestion-des-nappes-souterraines\/","og_site_name":"Hydreau","article_modified_time":"2023-03-24T10:54:10+00:00","twitter_card":"summary_large_image","schema":{"@context":"https:\/\/schema.org","@graph":[{"@type":"WebPage","@id":"https:\/\/www.hydreau.net\/en\/services\/gestion-des-nappes-souterraines\/","url":"https:\/\/www.hydreau.net\/en\/services\/gestion-des-nappes-souterraines\/","name":"Gestion des nappes souterraines - D\u00e9couvrez notre expertise - Hydreau","isPartOf":{"@id":"https:\/\/www.hydreau.net\/#website"},"datePublished":"2018-04-18T10:53:36+00:00","dateModified":"2023-03-24T10:54:10+00:00","description":"Gestion des nappes souterraines - Gestion centralis\u00e9e pollution de sol, gestion des nappes et stabilit\u00e9 : diminution des co\u00fbts et optimisation des projets.","breadcrumb":{"@id":"https:\/\/www.hydreau.net\/en\/services\/gestion-des-nappes-souterraines\/#breadcrumb"},"inLanguage":"en-US","potentialAction":[{"@type":"ReadAction","target":["https:\/\/www.hydreau.net\/en\/services\/gestion-des-nappes-souterraines\/"]}]},{"@type":"BreadcrumbList","@id":"https:\/\/www.hydreau.net\/en\/services\/gestion-des-nappes-souterraines\/#breadcrumb","itemListElement":[{"@type":"ListItem","position":1,"name":"Home","item":"https:\/\/www.hydreau.net\/en\/"},{"@type":"ListItem","position":2,"name":"Services","item":"https:\/\/www.hydreau.net\/en\/services\/"},{"@type":"ListItem","position":3,"name":"Groundwater management"}]},{"@type":"WebSite","@id":"https:\/\/www.hydreau.net\/#website","url":"https:\/\/www.hydreau.net\/","name":"Hydreau","description":"Votre partenaire unique  en d\u00e9pollution des sols  et en hydrog\u00e9ologie","publisher":{"@id":"https:\/\/www.hydreau.net\/#organization"},"potentialAction":[{"@type":"SearchAction","target":{"@type":"EntryPoint","urlTemplate":"https:\/\/www.hydreau.net\/?s={search_term_string}"},"query-input":{"@type":"PropertyValueSpecification","valueRequired":true,"valueName":"search_term_string"}}],"inLanguage":"en-US"},{"@type":"Organization","@id":"https:\/\/www.hydreau.net\/#organization","name":"Hydreau","url":"https:\/\/www.hydreau.net\/","logo":{"@type":"ImageObject","inLanguage":"en-US","@id":"https:\/\/www.hydreau.net\/#\/schema\/logo\/image\/","url":"https:\/\/www.hydreau.net\/wp-content\/uploads\/2018\/04\/hydreau-fav.png","contentUrl":"https:\/\/www.hydreau.net\/wp-content\/uploads\/2018\/04\/hydreau-fav.png","width":512,"height":512,"caption":"Hydreau"},"image":{"@id":"https:\/\/www.hydreau.net\/#\/schema\/logo\/image\/"}}]}},"_links":{"self":[{"href":"https:\/\/www.hydreau.net\/en\/wp-json\/wp\/v2\/pages\/642","targetHints":{"allow":["GET"]}}],"collection":[{"href":"https:\/\/www.hydreau.net\/en\/wp-json\/wp\/v2\/pages"}],"about":[{"href":"https:\/\/www.hydreau.net\/en\/wp-json\/wp\/v2\/types\/page"}],"author":[{"embeddable":true,"href":"https:\/\/www.hydreau.net\/en\/wp-json\/wp\/v2\/users\/2"}],"replies":[{"embeddable":true,"href":"https:\/\/www.hydreau.net\/en\/wp-json\/wp\/v2\/comments?post=642"}],"version-history":[{"count":6,"href":"https:\/\/www.hydreau.net\/en\/wp-json\/wp\/v2\/pages\/642\/revisions"}],"predecessor-version":[{"id":4763,"href":"https:\/\/www.hydreau.net\/en\/wp-json\/wp\/v2\/pages\/642\/revisions\/4763"}],"up":[{"embeddable":true,"href":"https:\/\/www.hydreau.net\/en\/wp-json\/wp\/v2\/pages\/681"}],"wp:attachment":[{"href":"https:\/\/www.hydreau.net\/en\/wp-json\/wp\/v2\/media?parent=642"}],"curies":[{"name":"wp","href":"https:\/\/api.w.org\/{rel}","templated":true}]}}